{"id":105,"date":"2011-12-26T14:23:53","date_gmt":"2011-12-26T14:23:53","guid":{"rendered":"http:\/\/www.dragstar-grunwald.pl\/?page_id=105"},"modified":"2022-09-12T19:03:56","modified_gmt":"2022-09-12T19:03:56","slug":"o-nas","status":"publish","type":"page","link":"http:\/\/www.dragstar-grunwald.pl\/?page_id=105","title":{"rendered":"O nas"},"content":{"rendered":"<p><a title=\"WYWIAD Z PREZESEM NA JASTRZ\u0118BIEJ G\u00d3RZE\" href=\"http:\/\/www.telewizjattm.pl\/serwis-informacyjny\/2012-05-22\/05\/136-motocykli-zaparkowalo-w-jastrzebiej-gorze.html?play=on\" target=\"_blank\" rel=\"noopener\">http:\/\/www.telewizjattm.pl\/serwis-informacyjny\/2012-05-22\/05\/136-motocykli-zaparkowalo-w-jastrzebiej-gorze.html?play=on<\/a><\/p>\n<p>Organizuj\u0119 od 2009 roku, co roczn\u0105 imprez\u0119 grunwaldzk\u0105 (spotkania posiadaczy i \u00a0mi\u0142o\u015bnik\u00f3w \u00a0Drag Stara).<\/p>\n<p>Dokumenty potwierdzaj\u0105ce przynale\u017cno\u015b\u0107 do fundacji grunwaldzkiej, organizatora cyklicznego inscenizacji bitwy grunwaldzkiej.<\/p>\n<p><a href=\"http:\/\/www.dragstar-grunwald.pl\/wp-content\/uploads\/2011\/12\/skan-dokumentu-grunwald-2017-2-001.jpg\"><img loading=\"lazy\" decoding=\"async\" class=\"alignnone size-large wp-image-332\" src=\"http:\/\/www.dragstar-grunwald.pl\/wp-content\/uploads\/2011\/12\/skan-dokumentu-grunwald-2017-2-001-745x1024.jpg\" alt=\"skan-dokumentu-grunwald-2017-2-001\" width=\"584\" height=\"803\" srcset=\"http:\/\/www.dragstar-grunwald.pl\/wp-content\/uploads\/2011\/12\/skan-dokumentu-grunwald-2017-2-001-745x1024.jpg 745w, http:\/\/www.dragstar-grunwald.pl\/wp-content\/uploads\/2011\/12\/skan-dokumentu-grunwald-2017-2-001-218x300.jpg 218w, http:\/\/www.dragstar-grunwald.pl\/wp-content\/uploads\/2011\/12\/skan-dokumentu-grunwald-2017-2-001-768x1056.jpg 768w, http:\/\/www.dragstar-grunwald.pl\/wp-content\/uploads\/2011\/12\/skan-dokumentu-grunwald-2017-2-001.jpg 1700w\" sizes=\"auto, (max-width: 584px) 100vw, 584px\" \/><\/a><\/p>\n<p><a href=\"http:\/\/www.dragstar-grunwald.pl\/wp-content\/uploads\/2011\/12\/skan-dokumentu-grunwald-2017-001.jpg\"><img loading=\"lazy\" decoding=\"async\" class=\"alignnone size-large wp-image-333\" src=\"http:\/\/www.dragstar-grunwald.pl\/wp-content\/uploads\/2011\/12\/skan-dokumentu-grunwald-2017-001-745x1024.jpg\" alt=\"skan-dokumentu-grunwald-2017-001\" width=\"584\" height=\"803\" srcset=\"http:\/\/www.dragstar-grunwald.pl\/wp-content\/uploads\/2011\/12\/skan-dokumentu-grunwald-2017-001-745x1024.jpg 745w, http:\/\/www.dragstar-grunwald.pl\/wp-content\/uploads\/2011\/12\/skan-dokumentu-grunwald-2017-001-218x300.jpg 218w, http:\/\/www.dragstar-grunwald.pl\/wp-content\/uploads\/2011\/12\/skan-dokumentu-grunwald-2017-001-768x1056.jpg 768w, http:\/\/www.dragstar-grunwald.pl\/wp-content\/uploads\/2011\/12\/skan-dokumentu-grunwald-2017-001.jpg 1700w\" sizes=\"auto, (max-width: 584px) 100vw, 584px\" \/><\/a><\/p>\n<p>\u00a0<\/p>\n<p>\u00a0<\/p>\n<p>W okresie tym uczestnicy otrzymywali pami\u0105tkowy znaczek z ka\u017cdej imprezy:<\/p>\n<p><img loading=\"lazy\" decoding=\"async\" class=\"alignnone size-medium wp-image-106\" title=\"IMG_1393\" src=\"http:\/\/www.dragstar-grunwald.pl\/wp-content\/uploads\/2011\/12\/IMG_1393-300x225.jpg\" alt=\"\" width=\"300\" height=\"225\" srcset=\"http:\/\/www.dragstar-grunwald.pl\/wp-content\/uploads\/2011\/12\/IMG_1393-300x225.jpg 300w, http:\/\/www.dragstar-grunwald.pl\/wp-content\/uploads\/2011\/12\/IMG_1393-1024x768.jpg 1024w, http:\/\/www.dragstar-grunwald.pl\/wp-content\/uploads\/2011\/12\/IMG_1393-400x300.jpg 400w\" sizes=\"auto, (max-width: 300px) 100vw, 300px\" \/>\u00a0 \u00a0 \u00a0 \u00a0 \u00a0 2009 rok<\/p>\n<p><a href=\"http:\/\/www.dragstar-grunwald.pl\/wp-content\/uploads\/2011\/12\/IMG_1406.jpg\"><img loading=\"lazy\" decoding=\"async\" class=\"alignnone size-medium wp-image-107\" title=\"IMG_1406\" src=\"http:\/\/www.dragstar-grunwald.pl\/wp-content\/uploads\/2011\/12\/IMG_1406-300x225.jpg\" alt=\"\" width=\"300\" height=\"225\" srcset=\"http:\/\/www.dragstar-grunwald.pl\/wp-content\/uploads\/2011\/12\/IMG_1406-300x225.jpg 300w, http:\/\/www.dragstar-grunwald.pl\/wp-content\/uploads\/2011\/12\/IMG_1406-1024x768.jpg 1024w, http:\/\/www.dragstar-grunwald.pl\/wp-content\/uploads\/2011\/12\/IMG_1406-400x300.jpg 400w\" sizes=\"auto, (max-width: 300px) 100vw, 300px\" \/><\/a>\u00a0 \u00a0 \u00a0 \u00a0 \u00a0 2010 rok<\/p>\n<p><a href=\"http:\/\/www.dragstar-grunwald.pl\/wp-content\/uploads\/2011\/12\/IMG_1408.jpg\"><img loading=\"lazy\" decoding=\"async\" class=\"alignnone size-medium wp-image-108\" title=\"IMG_1408\" src=\"http:\/\/www.dragstar-grunwald.pl\/wp-content\/uploads\/2011\/12\/IMG_1408-300x225.jpg\" alt=\"\" width=\"300\" height=\"225\" srcset=\"http:\/\/www.dragstar-grunwald.pl\/wp-content\/uploads\/2011\/12\/IMG_1408-300x225.jpg 300w, http:\/\/www.dragstar-grunwald.pl\/wp-content\/uploads\/2011\/12\/IMG_1408-1024x768.jpg 1024w, http:\/\/www.dragstar-grunwald.pl\/wp-content\/uploads\/2011\/12\/IMG_1408-400x300.jpg 400w\" sizes=\"auto, (max-width: 300px) 100vw, 300px\" \/><\/a>\u00a0 \u00a0 \u00a0 \u00a0 \u00a0 2011 rok<\/p>\n<p><a href=\"http:\/\/www.dragstar-grunwald.pl\/wp-content\/uploads\/2011\/12\/DSC_0059.jpg\"><img loading=\"lazy\" decoding=\"async\" class=\"alignnone size-large wp-image-148\" title=\"DSC_0059\" src=\"http:\/\/www.dragstar-grunwald.pl\/wp-content\/uploads\/2011\/12\/DSC_0059-1024x768.jpg\" alt=\"\" width=\"318\" height=\"241\" \/><\/a>\u00a0\u00a0\u00a0\u00a0\u00a0\u00a0 2012\u00a0 rok<\/p>\n<p><a href=\"http:\/\/www.dragstar-grunwald.pl\/wp-content\/uploads\/2011\/12\/DSC_0315.jpg\"><img loading=\"lazy\" decoding=\"async\" class=\"alignnone size-full wp-image-230\" src=\"http:\/\/www.dragstar-grunwald.pl\/wp-content\/uploads\/2011\/12\/DSC_0315.jpg\" alt=\"DSC_0315\" width=\"2592\" height=\"1944\" srcset=\"http:\/\/www.dragstar-grunwald.pl\/wp-content\/uploads\/2011\/12\/DSC_0315.jpg 2592w, http:\/\/www.dragstar-grunwald.pl\/wp-content\/uploads\/2011\/12\/DSC_0315-300x225.jpg 300w, http:\/\/www.dragstar-grunwald.pl\/wp-content\/uploads\/2011\/12\/DSC_0315-1024x768.jpg 1024w, http:\/\/www.dragstar-grunwald.pl\/wp-content\/uploads\/2011\/12\/DSC_0315-400x300.jpg 400w\" sizes=\"auto, (max-width: 2592px) 100vw, 2592px\" \/><\/a>\u00a0 \u00a0 \u00a0 \u00a0 \u00a0 \u00a0 \u00a0 \u00a0 \u00a0 \u00a0 \u00a0 \u00a0 \u00a0 \u00a0 \u00a0 \u00a0 \u00a0 \u00a0 \u00a0 \u00a0 \u00a0 \u00a0 \u00a0 \u00a0 \u00a0 \u00a0 \u00a0 \u00a0 \u00a0 \u00a0 \u00a0 \u00a0 \u00a0 \u00a0<strong>2013<\/strong><\/p>\n<p><a href=\"http:\/\/www.dragstar-grunwald.pl\/wp-content\/uploads\/2011\/12\/DSC_0052.jpg\"><img loading=\"lazy\" decoding=\"async\" class=\"alignnone size-large wp-image-288\" src=\"http:\/\/www.dragstar-grunwald.pl\/wp-content\/uploads\/2011\/12\/DSC_0052-1024x576.jpg\" alt=\"DSC_0052\" width=\"584\" height=\"328\" srcset=\"http:\/\/www.dragstar-grunwald.pl\/wp-content\/uploads\/2011\/12\/DSC_0052-1024x576.jpg 1024w, http:\/\/www.dragstar-grunwald.pl\/wp-content\/uploads\/2011\/12\/DSC_0052-300x168.jpg 300w, http:\/\/www.dragstar-grunwald.pl\/wp-content\/uploads\/2011\/12\/DSC_0052-500x281.jpg 500w\" sizes=\"auto, (max-width: 584px) 100vw, 584px\" \/><\/a><\/p>\n<p>\u00a0<\/p>\n<p style=\"text-align: center;\"><strong>2014<\/strong><\/p>\n<p style=\"text-align: center;\">\u00a0<a href=\"http:\/\/www.dragstar-grunwald.pl\/wp-content\/uploads\/2011\/12\/DSC_0203.jpg\"><img loading=\"lazy\" decoding=\"async\" class=\"alignnone size-large wp-image-316\" src=\"http:\/\/www.dragstar-grunwald.pl\/wp-content\/uploads\/2011\/12\/DSC_0203-1024x576.jpg\" alt=\"DSC_0203\" width=\"584\" height=\"329\" srcset=\"http:\/\/www.dragstar-grunwald.pl\/wp-content\/uploads\/2011\/12\/DSC_0203-1024x576.jpg 1024w, http:\/\/www.dragstar-grunwald.pl\/wp-content\/uploads\/2011\/12\/DSC_0203-300x169.jpg 300w, http:\/\/www.dragstar-grunwald.pl\/wp-content\/uploads\/2011\/12\/DSC_0203-500x281.jpg 500w\" sizes=\"auto, (max-width: 584px) 100vw, 584px\" \/><\/a><\/p>\n<p style=\"text-align: center;\"><strong>2015<\/strong><\/p>\n<p><a href=\"http:\/\/www.dragstar-grunwald.pl\/wp-content\/uploads\/2011\/12\/IMG_20170725_172840.jpg\"><img loading=\"lazy\" decoding=\"async\" class=\"size-large wp-image-341\" src=\"http:\/\/www.dragstar-grunwald.pl\/wp-content\/uploads\/2011\/12\/IMG_20170725_172840-1024x576.jpg\" alt=\"\" width=\"584\" height=\"329\" srcset=\"http:\/\/www.dragstar-grunwald.pl\/wp-content\/uploads\/2011\/12\/IMG_20170725_172840-1024x576.jpg 1024w, http:\/\/www.dragstar-grunwald.pl\/wp-content\/uploads\/2011\/12\/IMG_20170725_172840-300x169.jpg 300w, http:\/\/www.dragstar-grunwald.pl\/wp-content\/uploads\/2011\/12\/IMG_20170725_172840-768x432.jpg 768w, http:\/\/www.dragstar-grunwald.pl\/wp-content\/uploads\/2011\/12\/IMG_20170725_172840-500x281.jpg 500w\" sizes=\"auto, (max-width: 584px) 100vw, 584px\" \/><\/a><\/p>\n<p style=\"text-align: center;\"><strong>2016<\/strong><\/p>\n<p><a href=\"http:\/\/www.dragstar-grunwald.pl\/wp-content\/uploads\/2011\/12\/IMG_20170725_172616.jpg\"><img loading=\"lazy\" decoding=\"async\" class=\"size-large wp-image-340\" src=\"http:\/\/www.dragstar-grunwald.pl\/wp-content\/uploads\/2011\/12\/IMG_20170725_172616-1024x576.jpg\" alt=\"\" width=\"584\" height=\"329\" srcset=\"http:\/\/www.dragstar-grunwald.pl\/wp-content\/uploads\/2011\/12\/IMG_20170725_172616-1024x576.jpg 1024w, http:\/\/www.dragstar-grunwald.pl\/wp-content\/uploads\/2011\/12\/IMG_20170725_172616-300x169.jpg 300w, http:\/\/www.dragstar-grunwald.pl\/wp-content\/uploads\/2011\/12\/IMG_20170725_172616-768x432.jpg 768w, http:\/\/www.dragstar-grunwald.pl\/wp-content\/uploads\/2011\/12\/IMG_20170725_172616-500x281.jpg 500w\" sizes=\"auto, (max-width: 584px) 100vw, 584px\" \/><\/a><\/p>\n<p style=\"text-align: center;\"><strong>2017<\/strong><\/p>\n<p>\u00a0<\/p>\n<p><a href=\"http:\/\/www.dragstar-grunwald.pl\/wp-content\/uploads\/2018\/07\/37639564_1332195073579132_8870117646842986496_n.jpg\"><img loading=\"lazy\" decoding=\"async\" class=\"alignnone size-full wp-image-373\" src=\"http:\/\/www.dragstar-grunwald.pl\/wp-content\/uploads\/2018\/07\/37639564_1332195073579132_8870117646842986496_n.jpg\" alt=\"\" width=\"4096\" height=\"2302\" srcset=\"http:\/\/www.dragstar-grunwald.pl\/wp-content\/uploads\/2018\/07\/37639564_1332195073579132_8870117646842986496_n.jpg 4096w, http:\/\/www.dragstar-grunwald.pl\/wp-content\/uploads\/2018\/07\/37639564_1332195073579132_8870117646842986496_n-300x169.jpg 300w, http:\/\/www.dragstar-grunwald.pl\/wp-content\/uploads\/2018\/07\/37639564_1332195073579132_8870117646842986496_n-768x432.jpg 768w, http:\/\/www.dragstar-grunwald.pl\/wp-content\/uploads\/2018\/07\/37639564_1332195073579132_8870117646842986496_n-1024x576.jpg 1024w, http:\/\/www.dragstar-grunwald.pl\/wp-content\/uploads\/2018\/07\/37639564_1332195073579132_8870117646842986496_n-500x281.jpg 500w\" sizes=\"auto, (max-width: 4096px) 100vw, 4096px\" \/><\/a><\/p>\n<p style=\"text-align: center;\"><strong>2018<\/strong><\/p>\n<p>W roku 2018 w zwi\u0105zku z dzisi\u0119cioleciem zlotu\u00a0 cz\u0142onkowie klubu, kt\u00f3rzy byli ju\u017c 10 razy na naszym zlocie zostali odznaczeni znaczkiem WETERAN. Serdecznie gratulujemy.<\/p>\n<p><a href=\"http:\/\/www.dragstar-grunwald.pl\/wp-content\/uploads\/2018\/07\/37782744_1332194930245813_6310882764145033216_n.jpg\"><img loading=\"lazy\" decoding=\"async\" class=\"alignnone size-full wp-image-374\" src=\"http:\/\/www.dragstar-grunwald.pl\/wp-content\/uploads\/2018\/07\/37782744_1332194930245813_6310882764145033216_n.jpg\" alt=\"\" width=\"4096\" height=\"2302\" srcset=\"http:\/\/www.dragstar-grunwald.pl\/wp-content\/uploads\/2018\/07\/37782744_1332194930245813_6310882764145033216_n.jpg 4096w, http:\/\/www.dragstar-grunwald.pl\/wp-content\/uploads\/2018\/07\/37782744_1332194930245813_6310882764145033216_n-300x169.jpg 300w, http:\/\/www.dragstar-grunwald.pl\/wp-content\/uploads\/2018\/07\/37782744_1332194930245813_6310882764145033216_n-768x432.jpg 768w, http:\/\/www.dragstar-grunwald.pl\/wp-content\/uploads\/2018\/07\/37782744_1332194930245813_6310882764145033216_n-1024x576.jpg 1024w, http:\/\/www.dragstar-grunwald.pl\/wp-content\/uploads\/2018\/07\/37782744_1332194930245813_6310882764145033216_n-500x281.jpg 500w\" sizes=\"auto, (max-width: 4096px) 100vw, 4096px\" \/><\/a><\/p>\n<p style=\"text-align: center;\"><strong>2019<\/strong><\/p>\n<p><a href=\"http:\/\/www.dragstar-grunwald.pl\/wp-content\/uploads\/2020\/01\/IMG_20200102_195325.jpg\"><img loading=\"lazy\" decoding=\"async\" class=\"alignnone size-large wp-image-404\" src=\"http:\/\/www.dragstar-grunwald.pl\/wp-content\/uploads\/2020\/01\/IMG_20200102_195325-1024x877.jpg\" alt=\"\" width=\"584\" height=\"500\" srcset=\"http:\/\/www.dragstar-grunwald.pl\/wp-content\/uploads\/2020\/01\/IMG_20200102_195325-1024x877.jpg 1024w, http:\/\/www.dragstar-grunwald.pl\/wp-content\/uploads\/2020\/01\/IMG_20200102_195325-300x257.jpg 300w, http:\/\/www.dragstar-grunwald.pl\/wp-content\/uploads\/2020\/01\/IMG_20200102_195325-768x658.jpg 768w, http:\/\/www.dragstar-grunwald.pl\/wp-content\/uploads\/2020\/01\/IMG_20200102_195325-350x300.jpg 350w, http:\/\/www.dragstar-grunwald.pl\/wp-content\/uploads\/2020\/01\/IMG_20200102_195325.jpg 2026w\" sizes=\"auto, (max-width: 584px) 100vw, 584px\" \/><\/a><\/p>\n<p style=\"text-align: center;\"><strong>2020<\/strong><\/p>\n<p><a href=\"http:\/\/www.dragstar-grunwald.pl\/wp-content\/uploads\/2020\/08\/118003756_320030429048940_3226539779768319645_n-1.jpg\"><img loading=\"lazy\" decoding=\"async\" class=\"size-full wp-image-426 aligncenter\" src=\"http:\/\/www.dragstar-grunwald.pl\/wp-content\/uploads\/2020\/08\/118003756_320030429048940_3226539779768319645_n-1.jpg\" alt=\"\" width=\"485\" height=\"439\" srcset=\"http:\/\/www.dragstar-grunwald.pl\/wp-content\/uploads\/2020\/08\/118003756_320030429048940_3226539779768319645_n-1.jpg 485w, http:\/\/www.dragstar-grunwald.pl\/wp-content\/uploads\/2020\/08\/118003756_320030429048940_3226539779768319645_n-1-300x272.jpg 300w, http:\/\/www.dragstar-grunwald.pl\/wp-content\/uploads\/2020\/08\/118003756_320030429048940_3226539779768319645_n-1-331x300.jpg 331w\" sizes=\"auto, (max-width: 485px) 100vw, 485px\" \/><\/a><\/p>\n<p style=\"text-align: center;\"><strong>2021<\/strong><\/p>\n<p><a href=\"http:\/\/www.dragstar-grunwald.pl\/wp-content\/uploads\/2022\/09\/ZNACZEK-2021-1.jpg\"><img loading=\"lazy\" decoding=\"async\" class=\" wp-image-474 aligncenter\" src=\"http:\/\/www.dragstar-grunwald.pl\/wp-content\/uploads\/2022\/09\/ZNACZEK-2021-1.jpg\" alt=\"\" width=\"313\" height=\"390\" srcset=\"http:\/\/www.dragstar-grunwald.pl\/wp-content\/uploads\/2022\/09\/ZNACZEK-2021-1.jpg 274w, http:\/\/www.dragstar-grunwald.pl\/wp-content\/uploads\/2022\/09\/ZNACZEK-2021-1-241x300.jpg 241w\" sizes=\"auto, (max-width: 313px) 100vw, 313px\" \/><\/a><\/p>\n<p style=\"text-align: center;\"><strong>2022<\/strong><\/p>\n<p><a href=\"http:\/\/www.dragstar-grunwald.pl\/wp-content\/uploads\/2022\/09\/ZNACZEK-2022.jpg\"><img loading=\"lazy\" decoding=\"async\" class=\" wp-image-475 aligncenter\" src=\"http:\/\/www.dragstar-grunwald.pl\/wp-content\/uploads\/2022\/09\/ZNACZEK-2022.jpg\" alt=\"\" width=\"333\" height=\"471\" srcset=\"http:\/\/www.dragstar-grunwald.pl\/wp-content\/uploads\/2022\/09\/ZNACZEK-2022.jpg 271w, http:\/\/www.dragstar-grunwald.pl\/wp-content\/uploads\/2022\/09\/ZNACZEK-2022-212x300.jpg 212w\" sizes=\"auto, (max-width: 333px) 100vw, 333px\" \/><\/a><\/p>\n<p>W 2011 roku powsta\u0142 KLUB MOTOCYKLI CI\u0118\u017bKICH GRUNWALD, kt\u00f3rego jestem prezesem, jak r\u00f3wnie\u017c w tym samym roku zorganizowali\u015bmy spotkanie w nowym miejscu na terenie miejscowo\u015bci Grunwald(patrz: mapa).<\/p>\n<p>Zarz\u0105d KLUBU MOTOCYKLI CI\u0118\u017bKICH GRUNWALD:<\/p>\n<p>prezes:MIREK<br \/>skarbnik: \u017bABA<\/p>\n<p>Ka\u017cdy z cz\u0142onk\u00f3w klubu\u00a0posiada\u00a0okre\u015blone insygnia klubowe:<\/p>\n<p><a href=\"http:\/\/www.dragstar-grunwald.pl\/wp-content\/uploads\/2011\/12\/IMG_14272.jpg\"><img loading=\"lazy\" decoding=\"async\" class=\"alignnone size-medium wp-image-135\" title=\"IMG_1427\" src=\"http:\/\/www.dragstar-grunwald.pl\/wp-content\/uploads\/2011\/12\/IMG_14272-225x300.jpg\" alt=\"\" width=\"225\" height=\"300\" srcset=\"http:\/\/www.dragstar-grunwald.pl\/wp-content\/uploads\/2011\/12\/IMG_14272-225x300.jpg 225w, http:\/\/www.dragstar-grunwald.pl\/wp-content\/uploads\/2011\/12\/IMG_14272-768x1024.jpg 768w\" sizes=\"auto, (max-width: 225px) 100vw, 225px\" \/><\/a><\/p>\n<p>znaczek klubowy:<\/p>\n<p><a href=\"http:\/\/www.dragstar-grunwald.pl\/wp-content\/uploads\/2011\/12\/IMG_1431.jpg\"><img loading=\"lazy\" decoding=\"async\" class=\"alignnone size-medium wp-image-136\" title=\"IMG_1431\" src=\"http:\/\/www.dragstar-grunwald.pl\/wp-content\/uploads\/2011\/12\/IMG_1431-300x225.jpg\" alt=\"\" width=\"300\" height=\"225\" srcset=\"http:\/\/www.dragstar-grunwald.pl\/wp-content\/uploads\/2011\/12\/IMG_1431-300x225.jpg 300w, http:\/\/www.dragstar-grunwald.pl\/wp-content\/uploads\/2011\/12\/IMG_1431-1024x768.jpg 1024w, http:\/\/www.dragstar-grunwald.pl\/wp-content\/uploads\/2011\/12\/IMG_1431-400x300.jpg 400w\" sizes=\"auto, (max-width: 300px) 100vw, 300px\" \/><\/a><\/p>\n<p>naszywka klubowa:<\/p>\n<p><a href=\"http:\/\/www.dragstar-grunwald.pl\/wp-content\/uploads\/2011\/12\/IMG_1416.jpg\"><img loading=\"lazy\" decoding=\"async\" class=\"alignnone size-medium wp-image-137\" title=\"IMG_1416\" src=\"http:\/\/www.dragstar-grunwald.pl\/wp-content\/uploads\/2011\/12\/IMG_1416-300x225.jpg\" alt=\"\" width=\"300\" height=\"225\" srcset=\"http:\/\/www.dragstar-grunwald.pl\/wp-content\/uploads\/2011\/12\/IMG_1416-300x225.jpg 300w, http:\/\/www.dragstar-grunwald.pl\/wp-content\/uploads\/2011\/12\/IMG_1416-1024x768.jpg 1024w, http:\/\/www.dragstar-grunwald.pl\/wp-content\/uploads\/2011\/12\/IMG_1416-400x300.jpg 400w\" sizes=\"auto, (max-width: 300px) 100vw, 300px\" \/><\/a><\/p>\n<p>Pe\u0142noprawny cz\u0142onek klubu posiada poni\u017cszy komplet , przedstawiony na poni\u017cszej\u00a0fotografii<\/p>\n<p><a href=\"http:\/\/www.dragstar-grunwald.pl\/wp-content\/uploads\/2011\/12\/IMG_14322.jpg\"><img loading=\"lazy\" decoding=\"async\" class=\"alignnone size-large wp-image-140\" title=\"IMG_1432\" src=\"http:\/\/www.dragstar-grunwald.pl\/wp-content\/uploads\/2011\/12\/IMG_14322-1024x768.jpg\" alt=\"\" width=\"584\" height=\"438\" srcset=\"http:\/\/www.dragstar-grunwald.pl\/wp-content\/uploads\/2011\/12\/IMG_14322-1024x768.jpg 1024w, http:\/\/www.dragstar-grunwald.pl\/wp-content\/uploads\/2011\/12\/IMG_14322-300x225.jpg 300w, http:\/\/www.dragstar-grunwald.pl\/wp-content\/uploads\/2011\/12\/IMG_14322-400x300.jpg 400w, http:\/\/www.dragstar-grunwald.pl\/wp-content\/uploads\/2011\/12\/IMG_14322.jpg 1280w\" sizes=\"auto, (max-width: 584px) 100vw, 584px\" \/><\/a><\/p>\n<p>\u00a0<\/p>\n\n\n<p><\/p>\n","protected":false},"excerpt":{"rendered":"<p>http:\/\/www.telewizjattm.pl\/serwis-informacyjny\/2012-05-22\/05\/136-motocykli-zaparkowalo-w-jastrzebiej-gorze.html?play=on Organizuj\u0119 od 2009 roku, co roczn\u0105 imprez\u0119 grunwaldzk\u0105 (spotkania posiadaczy i \u00a0mi\u0142o\u015bnik\u00f3w \u00a0Drag Stara). Dokumenty potwierdzaj\u0105ce przynale\u017cno\u015b\u0107 do fundacji grunwaldzkiej, organizatora cyklicznego inscenizacji bitwy grunwaldzkiej. \u00a0 \u00a0 W okresie tym uczestnicy otrzymywali pami\u0105tkowy znaczek z ka\u017cdej imprezy: \u00a0 \u00a0 &hellip; <a href=\"http:\/\/www.dragstar-grunwald.pl\/?page_id=105\">Czytaj dalej <span class=\"meta-nav\">&rarr;<\/span><\/a><\/p>\n","protected":false},"author":1,"featured_media":0,"parent":0,"menu_order":0,"comment_status":"open","ping_status":"open","template":"","meta":{"footnotes":""},"class_list":["post-105","page","type-page","status-publish","hentry"],"_links":{"self":[{"href":"http:\/\/www.dragstar-grunwald.pl\/index.php?rest_route=\/wp\/v2\/pages\/105","targetHints":{"allow":["GET"]}}],"collection":[{"href":"http:\/\/www.dragstar-grunwald.pl\/index.php?rest_route=\/wp\/v2\/pages"}],"about":[{"href":"http:\/\/www.dragstar-grunwald.pl\/index.php?rest_route=\/wp\/v2\/types\/page"}],"author":[{"embeddable":true,"href":"http:\/\/www.dragstar-grunwald.pl\/index.php?rest_route=\/wp\/v2\/users\/1"}],"replies":[{"embeddable":true,"href":"http:\/\/www.dragstar-grunwald.pl\/index.php?rest_route=%2Fwp%2Fv2%2Fcomments&post=105"}],"version-history":[{"count":17,"href":"http:\/\/www.dragstar-grunwald.pl\/index.php?rest_route=\/wp\/v2\/pages\/105\/revisions"}],"predecessor-version":[{"id":476,"href":"http:\/\/www.dragstar-grunwald.pl\/index.php?rest_route=\/wp\/v2\/pages\/105\/revisions\/476"}],"wp:attachment":[{"href":"http:\/\/www.dragstar-grunwald.pl\/index.php?rest_route=%2Fwp%2Fv2%2Fmedia&parent=105"}],"curies":[{"name":"wp","href":"https:\/\/api.w.org\/{rel}","templated":true}]}}