{"id":34,"date":"2011-08-02T16:42:00","date_gmt":"2011-08-02T16:42:00","guid":{"rendered":"http:\/\/www.dragstar-grunwald.pl\/?page_id=34"},"modified":"2018-11-25T13:22:45","modified_gmt":"2018-11-25T13:22:45","slug":"kontakt","status":"publish","type":"page","link":"http:\/\/www.dragstar-grunwald.pl\/?page_id=34","title":{"rendered":"Kontakt"},"content":{"rendered":"<p style=\"text-align: center;\">Kontakt!<\/p>\n<p style=\"text-align: left;\">Tel. \u00a0 \u00a0 \u00a0505102215<\/p>\n<p style=\"text-align: left;\">\u00a0 \u00a0Email- ppmirex@op.pl \u00a0 \u00a0 \u00a0lub \u00a0 \u00a0kleszczor13@wp.pl<\/p>\n<p style=\"text-align: left;\">Wszystkie informacje na temat zlot\u00f3w itp znajdziecie na stronie<a href=\"http:\/\/www.yamaha-dragstar.pl\/\" target=\"_blank\" rel=\"noopener\">\u00a0Yamaha drag star forum<\/a>\u00a0 \u00a0w dziale imprezy. \u00a0 \u00a0 \u00a0 \u00a0 \u00a0 \u00a0 \u00a0 \u00a0 \u00a0 \u00a0 \u00a0 \u00a0 \u00a0 \u00a0 \u00a0 \u00a0 \u00a0 \u00a0 \u00a0 \u00a0 \u00a0 \u00a0 \u00a0 \u00a0 \u00a0 \u00a0 \u00a0 \u00a0 \u00a0 \u00a0 \u00a0 \u00a0 \u00a0 \u00a0 \u00a0 \u00a0 \u00a0 \u00a0 \u00a0 \u00a0 \u00a0 \u00a0 \u00a0 \u00a0 \u00a0 \u00a0 \u00a0 \u00a0 \u00a0 \u00a0 \u00a0 \u00a0 \u00a0 \u00a0 \u00a0 \u00a0 Aby mie\u0107 dost\u0119p do wszystkich informacji na tamtej stronie trzeba si\u0119 zarejestrowa\u0107 \u00a0 \u00a0 \u00a0 \u00a0 \u00a0(rejestracja jest darmowa)<\/p>\n<p style=\"text-align: left;\">\n","protected":false},"excerpt":{"rendered":"<p>Kontakt! Tel. \u00a0 \u00a0 \u00a0505102215 \u00a0 \u00a0Email- ppmirex@op.pl \u00a0 \u00a0 \u00a0lub \u00a0 \u00a0kleszczor13@wp.pl Wszystkie informacje na temat zlot\u00f3w itp znajdziecie na stronie\u00a0Yamaha drag star forum\u00a0 \u00a0w dziale imprezy. \u00a0 \u00a0 \u00a0 \u00a0 \u00a0 \u00a0 \u00a0 \u00a0 \u00a0 \u00a0 \u00a0 \u00a0 &hellip; <a href=\"http:\/\/www.dragstar-grunwald.pl\/?page_id=34\">Czytaj dalej <span class=\"meta-nav\">&rarr;<\/span><\/a><\/p>\n","protected":false},"author":1,"featured_media":0,"parent":0,"menu_order":0,"comment_status":"open","ping_status":"open","template":"","meta":{"footnotes":""},"class_list":["post-34","page","type-page","status-publish","hentry"],"_links":{"self":[{"href":"http:\/\/www.dragstar-grunwald.pl\/index.php?rest_route=\/wp\/v2\/pages\/34","targetHints":{"allow":["GET"]}}],"collection":[{"href":"http:\/\/www.dragstar-grunwald.pl\/index.php?rest_route=\/wp\/v2\/pages"}],"about":[{"href":"http:\/\/www.dragstar-grunwald.pl\/index.php?rest_route=\/wp\/v2\/types\/page"}],"author":[{"embeddable":true,"href":"http:\/\/www.dragstar-grunwald.pl\/index.php?rest_route=\/wp\/v2\/users\/1"}],"replies":[{"embeddable":true,"href":"http:\/\/www.dragstar-grunwald.pl\/index.php?rest_route=%2Fwp%2Fv2%2Fcomments&post=34"}],"version-history":[{"count":7,"href":"http:\/\/www.dragstar-grunwald.pl\/index.php?rest_route=\/wp\/v2\/pages\/34\/revisions"}],"predecessor-version":[{"id":386,"href":"http:\/\/www.dragstar-grunwald.pl\/index.php?rest_route=\/wp\/v2\/pages\/34\/revisions\/386"}],"wp:attachment":[{"href":"http:\/\/www.dragstar-grunwald.pl\/index.php?rest_route=%2Fwp%2Fv2%2Fmedia&parent=34"}],"curies":[{"name":"wp","href":"https:\/\/api.w.org\/{rel}","templated":true}]}}